{"id":105,"date":"2025-09-12T21:25:09","date_gmt":"2025-09-12T21:25:09","guid":{"rendered":"https:\/\/accons.ec\/nexdatta\/?page_id=105"},"modified":"2025-09-29T15:22:08","modified_gmt":"2025-09-29T15:22:08","slug":"contacto","status":"publish","type":"page","link":"https:\/\/nexdatta.com\/index.php\/contacto\/","title":{"rendered":"Contacto"},"content":{"rendered":"\n<!-- Banner de Contacto Elegante - Borde en todo el ancho -->\n<div style=\"width: 100%; border: 2px solid #00DBB2; border-radius: 20px; box-shadow: 0 8px 20px rgba(0,0,0,0.1); padding: 60px 20px; text-align: center; box-sizing: border-box;\">\n  <div style=\"max-width: 700px; width: 100%; margin: 0 auto;\">\n    <h2 style=\"font-family: 'Arial', sans-serif; font-size: 32px; font-weight: bold; color: #ffffff; margin-bottom: 30px; line-height: 1.3; word-break: break-word; hyphens: auto;\">\n      \u00bfQuieres transformar tus datos en decisiones estrat\u00e9gicas que impulsen el crecimiento de tu empresa?\n    <\/h2>\n    <p style=\"font-family: 'Arial', sans-serif; font-size: 18px; color: #ffffff; margin-bottom: 15px; line-height: 1.6; word-break: break-word;\">\n      En <strong>NEXDATTA<\/strong>, convertimos informaci\u00f3n compleja en soluciones claras. Nuestro equipo ofrece an\u00e1lisis avanzado, inteligencia de negocios y modelos predictivos para mejorar la eficiencia y potenciar tus resultados.\n    <\/p>\n    <p style=\"font-family: 'Arial', sans-serif; font-size: 18px; color: #ffffff; line-height: 1.6; word-break: break-word;\">\n      Completa el siguiente formulario de contacto y uno de nuestros especialistas se comunicar\u00e1 contigo lo antes posible. Estamos aqu\u00ed para ayudarte a tomar decisiones m\u00e1s inteligentes y estrat\u00e9gicas.\n    <\/p>\n  <\/div>\n<\/div>\n\n<!-- Responsive para pantallas peque\u00f1as -->\n<style>\n  @media (max-width: 768px) {\n    div[style*=\"max-width: 700px\"] {\n      padding: 30px 20px !important;\n    }\n    h2[style*=\"font-size: 32px\"] {\n      font-size: 22px !important;\n      line-height: 1.4 !important;\n      margin-bottom: 20px !important;\n    }\n    p[style*=\"font-size: 18px\"] {\n      font-size: 15px !important;\n      line-height: 1.5 !important;\n    }\n  }\n\n  @media (max-width: 480px) {\n    div[style*=\"max-width: 700px\"] {\n      padding: 20px 15px !important;\n    }\n    h2[style*=\"font-size: 32px\"] {\n      font-size: 18px !important;\n      line-height: 1.4 !important;\n    }\n    p[style*=\"font-size: 18px\"] {\n      font-size: 14px !important;\n    }\n  }\n<\/style>\n\n\n\n\n<hr class=\"wp-block-separator has-alpha-channel-opacity\"\/>\n\n\n<style id=\"wpforms-css-vars-108-block-f01fd28d-b456-4ae8-a546-480350953336\">\n\t\t\t\t#wpforms-108.wpforms-block-f01fd28d-b456-4ae8-a546-480350953336 {\n\t\t\t\t--wpforms-label-color: var(--ast-global-color-5);\n--wpforms-label-sublabel-color: rgba(0, 0, 0, 0.55);\n--wpforms-field-border-color: #1debb7;\n--wpforms-field-border-color-spare: #1debb7;\n--wpforms-field-text-color: var(--ast-global-color-8);\n--wpforms-field-menu-color: rgba( 0, 0, 0, 0 );\n--wpforms-button-background-color: #00dbb2;\n--wpforms-button-text-color: var(--ast-global-color-8);\n--wpforms-field-size-input-height: 43px;\n--wpforms-field-size-input-spacing: 15px;\n--wpforms-field-size-font-size: 16px;\n--wpforms-field-size-line-height: 19px;\n--wpforms-field-size-padding-h: 14px;\n--wpforms-field-size-checkbox-size: 16px;\n--wpforms-field-size-sublabel-spacing: 5px;\n--wpforms-field-size-icon-size: 1;\n--wpforms-label-size-font-size: 16px;\n--wpforms-label-size-line-height: 19px;\n--wpforms-label-size-sublabel-font-size: 14px;\n--wpforms-label-size-sublabel-line-height: 17px;\n--wpforms-button-size-font-size: 17px;\n--wpforms-button-size-height: 41px;\n--wpforms-button-size-padding-h: 15px;\n--wpforms-button-size-margin-top: 10px;\n\t\t\t}\n\t\t\t<\/style><div class=\"wpforms-container wpforms-container-full wpforms-block wpforms-block-f01fd28d-b456-4ae8-a546-480350953336 wpforms-render-modern\" id=\"wpforms-108\"><form id=\"wpforms-form-108\" class=\"wpforms-validate wpforms-form wpforms-ajax-form\" data-formid=\"108\" method=\"post\" enctype=\"multipart\/form-data\" action=\"\/index.php\/wp-json\/wp\/v2\/pages\/105\" data-token=\"842d73b3aa6b8c9df6bbde5f09e19824\" data-token-time=\"1776391803\"><noscript class=\"wpforms-error-noscript\">Por favor, activa JavaScript en tu navegador para completar este formulario.<\/noscript><div id=\"wpforms-error-noscript\" style=\"display: none;\">Por favor, activa JavaScript en tu navegador para completar este formulario.<\/div><div class=\"wpforms-field-container\"><div id=\"wpforms-108-field_1-container\" class=\"wpforms-field wpforms-field-text\" data-field-id=\"1\"><label class=\"wpforms-field-label\" for=\"wpforms-108-field_1\">Nombre <span class=\"wpforms-required-label\" aria-hidden=\"true\">*<\/span><\/label><input type=\"text\" id=\"wpforms-108-field_1\" class=\"wpforms-field-medium wpforms-field-required\" name=\"wpforms[fields][1]\" aria-errormessage=\"wpforms-108-field_1-error\" required><\/div>\t\t<div id=\"wpforms-108-field_6-container\"\n\t\t\tclass=\"wpforms-field wpforms-field-text\"\n\t\t\tdata-field-type=\"text\"\n\t\t\tdata-field-id=\"6\"\n\t\t\t>\n\t\t\t<label class=\"wpforms-field-label\" for=\"wpforms-108-field_6\" >Correo Nombre Tel\u00e9fono<\/label>\n\t\t\t<input type=\"text\" id=\"wpforms-108-field_6\" class=\"wpforms-field-medium\" name=\"wpforms[fields][6]\" >\n\t\t<\/div>\n\t\t<div id=\"wpforms-108-field_2-container\" class=\"wpforms-field wpforms-field-text\" data-field-id=\"2\"><label class=\"wpforms-field-label\" for=\"wpforms-108-field_2\">Apellidos <span class=\"wpforms-required-label\" aria-hidden=\"true\">*<\/span><\/label><input type=\"text\" id=\"wpforms-108-field_2\" class=\"wpforms-field-medium wpforms-field-required\" name=\"wpforms[fields][2]\" aria-errormessage=\"wpforms-108-field_2-error\" required><\/div><div id=\"wpforms-108-field_3-container\" class=\"wpforms-field wpforms-field-email\" data-field-id=\"3\"><label class=\"wpforms-field-label\" for=\"wpforms-108-field_3\">Correo electr\u00f3nico <span class=\"wpforms-required-label\" aria-hidden=\"true\">*<\/span><\/label><input type=\"email\" id=\"wpforms-108-field_3\" class=\"wpforms-field-medium wpforms-field-required\" name=\"wpforms[fields][3]\" spellcheck=\"false\" aria-errormessage=\"wpforms-108-field_3-error\" required><\/div><div id=\"wpforms-108-field_5-container\" class=\"wpforms-field wpforms-field-email\" data-field-id=\"5\"><label class=\"wpforms-field-label\" for=\"wpforms-108-field_5\">Tel\u00e9fono <span class=\"wpforms-required-label\" aria-hidden=\"true\">*<\/span><\/label><input type=\"email\" id=\"wpforms-108-field_5\" class=\"wpforms-field-medium wpforms-field-required\" name=\"wpforms[fields][5]\" spellcheck=\"false\" aria-errormessage=\"wpforms-108-field_5-error\" required><\/div><div id=\"wpforms-108-field_4-container\" class=\"wpforms-field wpforms-field-textarea\" data-field-id=\"4\"><label class=\"wpforms-field-label\" for=\"wpforms-108-field_4\">Mensaje <span class=\"wpforms-required-label\" aria-hidden=\"true\">*<\/span><\/label><textarea id=\"wpforms-108-field_4\" class=\"wpforms-field-medium wpforms-field-required\" name=\"wpforms[fields][4]\" aria-errormessage=\"wpforms-108-field_4-error\" required><\/textarea><\/div><script>\n\t\t\t\t( function() {\n\t\t\t\t\tconst style = document.createElement( 'style' );\n\t\t\t\t\tstyle.appendChild( document.createTextNode( '#wpforms-108-field_6-container { position: absolute !important; overflow: hidden !important; display: inline !important; height: 1px !important; width: 1px !important; z-index: -1000 !important; padding: 0 !important; } #wpforms-108-field_6-container input { visibility: hidden; } #wpforms-conversational-form-page #wpforms-108-field_6-container label { counter-increment: none; }' ) );\n\t\t\t\t\tdocument.head.appendChild( style );\n\t\t\t\t\tdocument.currentScript?.remove();\n\t\t\t\t} )();\n\t\t\t<\/script><\/div><!-- .wpforms-field-container --><div class=\"wpforms-submit-container\" ><input type=\"hidden\" name=\"wpforms[id]\" value=\"108\"><input type=\"hidden\" name=\"page_title\" value=\"\"><input type=\"hidden\" name=\"page_url\" value=\"https:\/\/nexdatta.com\/index.php\/wp-json\/wp\/v2\/pages\/105\"><input type=\"hidden\" name=\"url_referer\" value=\"\"><button type=\"submit\" name=\"wpforms[submit]\" id=\"wpforms-submit-108\" class=\"wpforms-submit\" data-alt-text=\"Enviando...\" data-submit-text=\"Enviar\" aria-live=\"assertive\" value=\"wpforms-submit\">Enviar<\/button><img loading=\"lazy\" decoding=\"async\" src=\"https:\/\/nexdatta.com\/wp-content\/plugins\/wpforms-lite\/assets\/images\/submit-spin.svg\" class=\"wpforms-submit-spinner\" style=\"display: none;\" width=\"26\" height=\"26\" alt=\"Cargando\"><\/div><\/form><\/div>  <!-- .wpforms-container -->\n\n\n<hr class=\"wp-block-separator has-alpha-channel-opacity\"\/>\n\n\n\n<!-- Secci\u00f3n de Contacto con Mapa a la Derecha -->\n<style>\n  .contact-wrapper {\n    background: #132646;\n    padding: 60px 20px;\n    border-radius: 20px;\n    display: flex;\n    flex-wrap: wrap;\n    justify-content: center;\n    gap: 40px;\n    align-items: flex-start;\n  }\n\n  .contact-items {\n    flex: 1 1 300px;\n    display: flex;\n    flex-direction: column;\n    gap: 30px;\n  }\n\n  .contact-item {\n    background-color: rgba(0, 219, 178, 0.08);\n    border: 2px solid #00DBB2;\n    border-radius: 16px;\n    padding: 20px;\n    text-align: center;\n    transition: transform 0.4s ease, box-shadow 0.4s ease;\n    cursor: pointer;\n    box-shadow: 0 4px 12px rgba(0, 219, 178, 0.15);\n  }\n\n  .contact-item:hover {\n    transform: scale(1.05);\n    box-shadow: 0 12px 30px rgba(0, 219, 178, 0.3);\n  }\n\n  .contact-item img {\n    width: 60px;\n    margin-bottom: 15px;\n    animation: pulse 2s infinite;\n  }\n\n  @keyframes pulse {\n    0% { transform: scale(1); }\n    50% { transform: scale(1.1); }\n    100% { transform: scale(1); }\n  }\n\n  .contact-item p {\n    font-size: 18px;\n    font-weight: 600;\n    color: #00DBB2;\n    margin: 0;\n  }\n\n  .map-container {\n    flex: 1 1 500px;\n    max-width: 620px;\n    border-radius: 16px;\n    overflow: hidden;\n    text-align: center;\n  }\n\n  .map-container iframe {\n    width: 100%;\n    height: 340px;\n    border: none;\n    filter: grayscale(100%) contrast(120%) brightness(90%);\n    border-radius: 16px;\n  }\n\n  .map-button {\n    display: inline-flex;\n    align-items: center;\n    justify-content: center;\n    margin-top: 18px;\n    padding: 14px 28px;\n    border-radius: 40px;\n    background: #00DBB2;\n    color: #132646;\n    font-weight: 700;\n    font-size: 15px;\n    letter-spacing: 1px;\n    text-decoration: none;\n    transition: all 0.3s ease;\n    border: 2px solid #02C5D7;\n  }\n\n  .map-button:hover {\n    background: #02C5D7;\n    color: #0d1b2a;\n    box-shadow: 0 0 18px rgba(2, 197, 215, 0.6);\n    transform: translateY(-2px);\n  }\n\n  .map-button svg {\n    margin-left: 10px;\n    width: 18px;\n    height: 18px;\n    fill: currentColor;\n    transition: transform 0.3s ease;\n  }\n\n  .map-button:hover svg {\n    transform: translateX(4px);\n  }\n\n  @media (max-width: 768px) {\n    .contact-wrapper {\n      flex-direction: column;\n      align-items: center;\n    }\n\n    .map-container,\n    .contact-items {\n      max-width: 100%;\n    }\n  }\n<\/style>\n\n<div class=\"contact-wrapper\">\n  <!-- Bloques de contacto a la izquierda -->\n  <div class=\"contact-items\">\n    <div class=\"contact-item\">\n      <img decoding=\"async\" src=\"https:\/\/nexdatta.com\/wp-content\/uploads\/2025\/09\/Artboard-1-copy-2-8-1.png\" alt=\"Tel\u00e9fono\">\n      <p>0984347032<\/p>\n    <\/div>\n\n    <div class=\"contact-item\">\n      <img decoding=\"async\" src=\"https:\/\/nexdatta.com\/wp-content\/uploads\/2025\/09\/Artboard-1-copy-8-1.png\" alt=\"Correo\">\n      <p>gerencia@nexdatta.com<\/p>\n    <\/div>\n\n    <div class=\"contact-item\">\n      <img decoding=\"async\" src=\"https:\/\/nexdatta.com\/wp-content\/uploads\/2025\/09\/Artboard-1-8-1.png\" alt=\"Ubicaci\u00f3n\">\n      <p>Nueva Loja 105 Y Remigio Tamariz Crespo<\/p>\n    <\/div>\n  <\/div>\n\n  <!-- Mapa a la derecha -->\n  <div class=\"map-container\">\n    <iframe\n      src=\"https:\/\/www.google.com\/maps\/embed?pb=!1m18!1m12!1m3!1d3979.919223682839!2d-78.999999!3d-2.000000!2m3!1f0!2f0!3f0!3m2!1i1024!2i768!4f13.1!3m3!1m2!1s0x91cd6e1e1e1e1e1e%3A0x1e1e1e1e1e1e1e1e!2sNueva%20Loja%20y%20Remigio%20Tamariz%20Crespo%2C%20Cuenca%2C%20Ecuador!5e0!3m2!1ses!2sec!4v1696000000000\"\n      allowfullscreen=\"\"\n      loading=\"lazy\"\n      referrerpolicy=\"no-referrer-when-downgrade\">\n    <\/iframe>\n\n    <a class=\"map-button\" href=\"https:\/\/maps.app.goo.gl\/GuHZo2xUrRv4nHMq6\" target=\"_blank\">\n      C\u00d3MO LLEGAR\n      <svg xmlns=\"http:\/\/www.w3.org\/2000\/svg\" viewBox=\"0 0 24 24\">\n        <path d=\"M10 17l5-5-5-5v10z\"\/>\n      <\/svg>\n    <\/a>\n  <\/div>\n<\/div>\n\n\n\n<hr class=\"wp-block-separator has-alpha-channel-opacity\"\/>\n\n\n\n<p><\/p>\n","protected":false},"excerpt":{"rendered":"<p>\u00bfQuieres transformar tus datos en decisiones estrat\u00e9gicas que impulsen el crecimiento de tu empresa? En NEXDATTA, convertimos informaci\u00f3n compleja en [&hellip;]<\/p>\n","protected":false},"author":1,"featured_media":0,"parent":0,"menu_order":0,"comment_status":"closed","ping_status":"closed","template":"","meta":{"site-sidebar-layout":"default","site-content-layout":"","ast-site-content-layout":"default","site-content-style":"default","site-sidebar-style":"default","ast-global-header-display":"","ast-banner-title-visibility":"","ast-main-header-display":"","ast-hfb-above-header-display":"","ast-hfb-below-header-display":"","ast-hfb-mobile-header-display":"","site-post-title":"disabled","ast-breadcrumbs-content":"","ast-featured-img":"","footer-sml-layout":"","theme-transparent-header-meta":"","adv-header-id-meta":"","stick-header-meta":"","header-above-stick-meta":"","header-main-stick-meta":"","header-below-stick-meta":"","astra-migrate-meta-layouts":"default","ast-page-background-enabled":"default","ast-page-background-meta":{"desktop":{"background-color":"var(--ast-global-color-5)","background-image":"","background-repeat":"repeat","background-position":"center center","background-size":"auto","background-attachment":"scroll","background-type":"","background-media":"","overlay-type":"","overlay-color":"","overlay-opacity":"","overlay-gradient":""},"tablet":{"background-color":"","background-image":"","background-repeat":"repeat","background-position":"center center","background-size":"auto","background-attachment":"scroll","background-type":"","background-media":"","overlay-type":"","overlay-color":"","overlay-opacity":"","overlay-gradient":""},"mobile":{"background-color":"","background-image":"","background-repeat":"repeat","background-position":"center center","background-size":"auto","background-attachment":"scroll","background-type":"","background-media":"","overlay-type":"","overlay-color":"","overlay-opacity":"","overlay-gradient":""}},"ast-content-background-meta":{"desktop":{"background-color":"var(--ast-global-color-4)","background-image":"","background-repeat":"repeat","background-position":"center center","background-size":"auto","background-attachment":"scroll","background-type":"","background-media":"","overlay-type":"","overlay-color":"","overlay-opacity":"","overlay-gradient":""},"tablet":{"background-color":"var(--ast-global-color-4)","background-image":"","background-repeat":"repeat","background-position":"center center","background-size":"auto","background-attachment":"scroll","background-type":"","background-media":"","overlay-type":"","overlay-color":"","overlay-opacity":"","overlay-gradient":""},"mobile":{"background-color":"var(--ast-global-color-4)","background-image":"","background-repeat":"repeat","background-position":"center center","background-size":"auto","background-attachment":"scroll","background-type":"","background-media":"","overlay-type":"","overlay-color":"","overlay-opacity":"","overlay-gradient":""}},"footnotes":""},"class_list":["post-105","page","type-page","status-publish","hentry"],"_links":{"self":[{"href":"https:\/\/nexdatta.com\/index.php\/wp-json\/wp\/v2\/pages\/105","targetHints":{"allow":["GET"]}}],"collection":[{"href":"https:\/\/nexdatta.com\/index.php\/wp-json\/wp\/v2\/pages"}],"about":[{"href":"https:\/\/nexdatta.com\/index.php\/wp-json\/wp\/v2\/types\/page"}],"author":[{"embeddable":true,"href":"https:\/\/nexdatta.com\/index.php\/wp-json\/wp\/v2\/users\/1"}],"replies":[{"embeddable":true,"href":"https:\/\/nexdatta.com\/index.php\/wp-json\/wp\/v2\/comments?post=105"}],"version-history":[{"count":21,"href":"https:\/\/nexdatta.com\/index.php\/wp-json\/wp\/v2\/pages\/105\/revisions"}],"predecessor-version":[{"id":198,"href":"https:\/\/nexdatta.com\/index.php\/wp-json\/wp\/v2\/pages\/105\/revisions\/198"}],"wp:attachment":[{"href":"https:\/\/nexdatta.com\/index.php\/wp-json\/wp\/v2\/media?parent=105"}],"curies":[{"name":"wp","href":"https:\/\/api.w.org\/{rel}","templated":true}]}}